{"id":92,"date":"2019-03-20T17:14:10","date_gmt":"2019-03-20T17:14:10","guid":{"rendered":"https:\/\/www.pyro-wolf.eu\/?page_id=92"},"modified":"2019-03-20T18:23:06","modified_gmt":"2019-03-20T18:23:06","slug":"angebote","status":"publish","type":"page","link":"https:\/\/www.pyro-wolf.eu\/?page_id=92","title":{"rendered":"Angebote"},"content":{"rendered":"<h2 style=\"text-align: left;\"><strong>Diesen Service bekommen Sie:<\/strong><\/h2>\n<ul>\n<li style=\"list-style-type: none;\">\n<ul>\n<li style=\"text-align: left;\"><strong>Ausf\u00fchrliche pers\u00f6nliche Beratung<\/strong><\/li>\n<li style=\"text-align: left;\"><strong>Besichtigung und Vorbereitung vor Ort<\/strong><\/li>\n<li style=\"text-align: left;\"><strong>Hochqualitative Effekte und Feuerwerksk\u00f6rper<\/strong><\/li>\n<li style=\"text-align: left;\"><strong>Aufbau, Abbrand und Abbau der Feuerwerksk\u00f6rper<\/strong><\/li>\n<li style=\"text-align: left;\"><strong>Planung, Genehmigungen Anlieferung, Z\u00fcnden<\/strong><\/li>\n<li style=\"text-align: left;\"><strong>Entsorgung der Feuerwerksk\u00f6rper<\/strong><\/li>\n<li style=\"text-align: left;\"><strong>Haftpflichtversicherung<\/strong><strong>\u00a0 <\/strong><\/li>\n<li><strong>Verkauf von Feuerwerk mit Genehmigung<\/strong><\/li>\n<\/ul>\n<\/li>\n<\/ul>\n<p><strong>\u00a0 \u00a0 \u00a0 \u00a0 \u00a0 \u00a0 \u00a0 \u00a0 \u00a0 \u00a0 \u00a0 \u00a0 \u00a0 \u00a0\u00a0 <\/strong><\/p>\n<ul>\n<li style=\"list-style-type: none;\"><\/li>\n<\/ul>\n<ul>\n<li style=\"list-style-type: none;\"><\/li>\n<\/ul>\n<ul>\n<li style=\"list-style-type: none;\"><\/li>\n<\/ul>\n<ul>\n<li style=\"list-style-type: none;\"><\/li>\n<\/ul>\n","protected":false},"excerpt":{"rendered":"<p>Diesen Service bekommen Sie: Ausf\u00fchrliche pers\u00f6nliche Beratung Besichtigung und Vorbereitung vor Ort Hochqualitative Effekte und Feuerwerksk\u00f6rper Aufbau, Abbrand und Abbau der Feuerwerksk\u00f6rper Planung, Genehmigungen Anlieferung, Z\u00fcnden Entsorgung der Feuerwerksk\u00f6rper Haftpflichtversicherung\u00a0 Verkauf von Feuerwerk mit Genehmigung \u00a0 \u00a0 \u00a0 \u00a0 \u00a0 \u00a0 \u00a0 \u00a0 \u00a0 \u00a0 \u00a0 \u00a0 \u00a0 \u00a0\u00a0<\/p>\n","protected":false},"author":1,"featured_media":0,"parent":0,"menu_order":0,"comment_status":"closed","ping_status":"closed","template":"","meta":{"footnotes":""},"class_list":["post-92","page","type-page","status-publish","hentry"],"_links":{"self":[{"href":"https:\/\/www.pyro-wolf.eu\/index.php?rest_route=\/wp\/v2\/pages\/92","targetHints":{"allow":["GET"]}}],"collection":[{"href":"https:\/\/www.pyro-wolf.eu\/index.php?rest_route=\/wp\/v2\/pages"}],"about":[{"href":"https:\/\/www.pyro-wolf.eu\/index.php?rest_route=\/wp\/v2\/types\/page"}],"author":[{"embeddable":true,"href":"https:\/\/www.pyro-wolf.eu\/index.php?rest_route=\/wp\/v2\/users\/1"}],"replies":[{"embeddable":true,"href":"https:\/\/www.pyro-wolf.eu\/index.php?rest_route=%2Fwp%2Fv2%2Fcomments&post=92"}],"version-history":[{"count":6,"href":"https:\/\/www.pyro-wolf.eu\/index.php?rest_route=\/wp\/v2\/pages\/92\/revisions"}],"predecessor-version":[{"id":161,"href":"https:\/\/www.pyro-wolf.eu\/index.php?rest_route=\/wp\/v2\/pages\/92\/revisions\/161"}],"wp:attachment":[{"href":"https:\/\/www.pyro-wolf.eu\/index.php?rest_route=%2Fwp%2Fv2%2Fmedia&parent=92"}],"curies":[{"name":"wp","href":"https:\/\/api.w.org\/{rel}","templated":true}]}}